{"id":22,"date":"2018-06-12T15:51:43","date_gmt":"2018-06-12T13:51:43","guid":{"rendered":"http:\/\/www.e-pedal.fr\/?page_id=22"},"modified":"2020-11-20T10:30:27","modified_gmt":"2020-11-20T09:30:27","slug":"sorties-journee-velo-vtt-electrique","status":"publish","type":"page","link":"https:\/\/www.e-pedal.fr\/fr\/sorties-journee-velo-vtt-electrique\/","title":{"rendered":"Les sorties accompagn\u00e9es"},"content":{"rendered":"<div class=\"wpb-content-wrapper\"><p>[vc_row][vc_column]<div id=\"ultimate-heading-504169e49b1d481b3\" class=\"uvc-heading ult-adjust-bottom-margin ultimate-heading-504169e49b1d481b3 uvc-1715  uvc-heading-default-font-sizes\" data-hspacer=\"line_only\"  data-halign=\"center\" style=\"text-align:center\"><div class=\"uvc-main-heading ult-responsive\"  data-ultimate-target='.uvc-heading.ultimate-heading-504169e49b1d481b3 h2'  data-responsive-json-new='{\"font-size\":\"\",\"line-height\":\"\"}' ><h2 style=\"--font-weight:theme;color:#00bdbf;\">Les sorties v\u00e9lo \u00e9lectrique et VTT \u00e0 la journ\u00e9e<\/h2><\/div><div class=\"uvc-heading-spacer line_only\" style=\"margin-top:25px;margin-bottom:25px;height:1px;\"><span class=\"uvc-headings-line\" style=\"border-style:solid;border-bottom-width:1px;border-color:#00bdbf;width:100px;\"><\/span><\/div><div class=\"uvc-sub-heading ult-responsive\"  data-ultimate-target='.uvc-heading.ultimate-heading-504169e49b1d481b3 .uvc-sub-heading '  data-responsive-json-new='{\"font-size\":\"\",\"line-height\":\"\"}'  style=\"font-weight:normal;margin-bottom:25px;\"><\/p>\n<h5>EPedal vous propose des sorties organis\u00e9es \u00e0 v\u00e9lo et VTT \u00e9lectriques avec un moniteur dipl\u00f4m\u00e9<\/h5>\n<p><\/div><\/div>[vc_column_text]<\/p>\n<p style=\"text-align: center;\">Durant la saison estivale, <strong>EPedal vous propose tous les jours des sorties v\u00e9los et VTT \u00e9lectriques autour de Gap et dans le Bu\u00ebch.<\/strong><\/p>\n<p style=\"text-align: center;\">A la demi-journ\u00e9e ou \u00e0 la journ\u00e9e, venez\u00a0 \u00e0 la d\u00e9couverte des petites routes, paradis des cyclistes, ou des meilleurs chemins pour pratiquer le VTT dans le Bu\u00ebch !<\/p>\n<p style=\"text-align: center;\"><strong>Encadr\u00e9s par un moniteur cycliste dipl\u00f4m\u00e9, vous b\u00e9n\u00e9ficierez de conseils avis\u00e9s pour am\u00e9liorer votre pilotage<\/strong> et bien g\u00e9rer l&rsquo;assistance \u00e9lectrique de votre v\u00e9lo pour prendre le maximum de plaisir pendant votre sortie en v\u00e9lo \u00e9lectrique. Id\u00e9al pour d\u00e9couvrir les plus beaux paysages du Bu\u00ebch en famille ou entre amis et !<\/p>\n<p style=\"text-align: center;\"><strong>Vous avez une envie particuli\u00e8re ?<\/strong> Nous pouvons aussi organiser <strong>une sortie adapt\u00e9e<\/strong> \u00e0 votre niveau ou celui de votre groupe, \u00e0 l&rsquo;horaire et au d\u00e9part de votre choix.<\/p>\n<p>\u00a0[\/vc_column_text][\/vc_column][\/vc_row][vc_row][vc_column]<div id=\"ultimate-heading-6469e49b1d481df\" class=\"uvc-heading ult-adjust-bottom-margin ultimate-heading-6469e49b1d481df uvc-4025  uvc-heading-default-font-sizes\" data-hspacer=\"line_only\"  data-halign=\"center\" style=\"text-align:center\"><div class=\"uvc-main-heading ult-responsive\"  data-ultimate-target='.uvc-heading.ultimate-heading-6469e49b1d481df h4'  data-responsive-json-new='{\"font-size\":\"\",\"line-height\":\"\"}' ><h4 style=\"--font-weight:theme;\">Inscrivez-vous en ligne !<\/h4><\/div><div class=\"uvc-heading-spacer line_only\" style=\"margin-top:25px;margin-bottom:25px;height:1px;\"><span class=\"uvc-headings-line\" style=\"border-style:solid;border-bottom-width:1px;border-color:#00bdbf;width:100px;\"><\/span><\/div><div class=\"uvc-sub-heading ult-responsive\"  data-ultimate-target='.uvc-heading.ultimate-heading-6469e49b1d481df .uvc-sub-heading '  data-responsive-json-new='{\"font-size\":\"\",\"line-height\":\"\"}'  style=\"font-weight:normal;color:#353535;margin-bottom:25px;\"><strong>Vous pouvez vous inscrire en ligne aux prochaines sorties v\u00e9lo EPedal avec notre partenaire Addock !<\/strong><\/div><\/div>[vc_raw_js]JTNDc2NyaXB0JTIwdHlwZSUzRCUyMnRleHQlMkZqYXZhc2NyaXB0JTIyJTIwc3JjJTNEJTIyaHR0cHMlM0ElMkYlMkZib29raW5nLmFkZG9jay5jbyUyRndpZGdldC5qcyUyMiUzRSUzQyUyRnNjcmlwdCUzRSUwQSUzQ2RpdiUyMGNsYXNzJTNEJTIyZWFzeWxvaXNpcnNfbW9kdWxlJTIyJTIwZGF0YS1oYXNoJTNEJTIyOWE1ZDZlOTljZjQ3ZjM0OTQ4ZTJmNDM2OGQwYjI4MjY3NWIyYzlhNCUyMiUzRSUzQyUyRmRpdiUzRQ==[\/vc_raw_js][\/vc_column][\/vc_row]<\/p>\n<\/div>","protected":false},"excerpt":{"rendered":"<p>[vc_row][vc_column][vc_column_text] Durant la saison estivale, EPedal vous propose tous les jours des sorties v\u00e9los et VTT \u00e9lectriques autour de Gap et dans le Bu\u00ebch. A la demi-journ\u00e9e ou \u00e0 la journ\u00e9e, venez\u00a0 \u00e0 la d\u00e9couverte des petites routes, paradis des cyclistes, ou des meilleurs chemins pour pratiquer le VTT dans le Bu\u00ebch ! Encadr\u00e9s par&hellip;<\/p>\n","protected":false},"author":2,"featured_media":0,"parent":0,"menu_order":0,"comment_status":"closed","ping_status":"closed","template":"","meta":{"_acf_changed":false,"footnotes":""},"class_list":["post-22","page","type-page","status-publish","hentry","description-off"],"acf":[],"_links":{"self":[{"href":"https:\/\/www.e-pedal.fr\/fr\/wp-json\/wp\/v2\/pages\/22","targetHints":{"allow":["GET"]}}],"collection":[{"href":"https:\/\/www.e-pedal.fr\/fr\/wp-json\/wp\/v2\/pages"}],"about":[{"href":"https:\/\/www.e-pedal.fr\/fr\/wp-json\/wp\/v2\/types\/page"}],"author":[{"embeddable":true,"href":"https:\/\/www.e-pedal.fr\/fr\/wp-json\/wp\/v2\/users\/2"}],"replies":[{"embeddable":true,"href":"https:\/\/www.e-pedal.fr\/fr\/wp-json\/wp\/v2\/comments?post=22"}],"version-history":[{"count":17,"href":"https:\/\/www.e-pedal.fr\/fr\/wp-json\/wp\/v2\/pages\/22\/revisions"}],"predecessor-version":[{"id":617,"href":"https:\/\/www.e-pedal.fr\/fr\/wp-json\/wp\/v2\/pages\/22\/revisions\/617"}],"wp:attachment":[{"href":"https:\/\/www.e-pedal.fr\/fr\/wp-json\/wp\/v2\/media?parent=22"}],"curies":[{"name":"wp","href":"https:\/\/api.w.org\/{rel}","templated":true}]}}