{"id":118,"date":"2018-06-21T15:43:57","date_gmt":"2018-06-21T13:43:57","guid":{"rendered":"http:\/\/www.e-pedal.fr\/?page_id=118"},"modified":"2020-11-20T11:16:49","modified_gmt":"2020-11-20T10:16:49","slug":"europe","status":"publish","type":"page","link":"https:\/\/www.e-pedal.fr\/fr\/europe\/","title":{"rendered":"L&rsquo;Europe et la R\u00e9gion soutiennent e-Pedal"},"content":{"rendered":"<div class=\"wpb-content-wrapper\"><p>[vc_row][vc_column][vc_single_image image=\u00a0\u00bb140&Prime; img_size=\u00a0\u00bbfull\u00a0\u00bb][\/vc_column][\/vc_row][vc_row][vc_column]<div id=\"ultimate-heading-443669d6322d9165b\" class=\"uvc-heading ult-adjust-bottom-margin ultimate-heading-443669d6322d9165b uvc-9634  uvc-heading-default-font-sizes\" data-hspacer=\"no_spacer\"  data-halign=\"center\" style=\"text-align:center\"><div class=\"uvc-heading-spacer no_spacer\" style=\"top\"><\/div><div class=\"uvc-main-heading ult-responsive\"  data-ultimate-target='.uvc-heading.ultimate-heading-443669d6322d9165b h2'  data-responsive-json-new='{\"font-size\":\"\",\"line-height\":\"\"}' ><h2 style=\"--font-weight:theme;color:#00bdbf;margin-bottom:50px;\">L'Europe et la R\u00e9gion soutiennent e-Pedal<\/h2><\/div><\/div>[\/vc_column][\/vc_row][vc_row][vc_column][vc_column_text]L&rsquo;Europe et la r\u00e9gion soutiennent e-Pedal \u00e0 travers le projet d\u00e9nomm\u00e9 \u00ab\u00a0d\u00e9veloppement de l&rsquo;\u00e9comobilit\u00e9 touristique dans le Pays Gapen\u00e7ais\u00a0\u00bb<\/p>\n<p>Le projet consiste \u00e0<\/p>\n<ul>\n<li>sensibiliser le grand public \u00e0 la pratique du v\u00e9lo \u00e9lectrique<\/li>\n<li>qualifier une offre d&rsquo; itin\u00e9raires destin\u00e9s \u00e0 la pratique du VAE<\/li>\n<li>valoriser le territoire du Pays Gapen\u00e7ais, conforter une fili\u00e8re v\u00e9lo et v\u00e9lo \u00e9lectrique sur le territoire<\/li>\n<\/ul>\n<p>E-pedal doit<\/p>\n<ul>\n<li>nouer des partenariats avec les prestataires touristiques locaux pour d\u00e9velopper une offre de sorties et de s\u00e9jours<\/li>\n<li>nouer des partenariats avec les territoires pour qualifier les itin\u00e9raires \u00e0 la pratique du VAE<\/li>\n<li>favoriser une pratique locale du v\u00e9lo \u00e9lectrique en particulier hors saison touristique en faveur de la mobilit\u00e9 locale<\/li>\n<\/ul>\n<p>[\/vc_column_text][\/vc_column][\/vc_row]<\/p>\n<\/div>","protected":false},"excerpt":{"rendered":"<p>[vc_row][vc_column][vc_single_image image=\u00a0\u00bb140&Prime; img_size=\u00a0\u00bbfull\u00a0\u00bb][\/vc_column][\/vc_row][vc_row][vc_column][\/vc_column][\/vc_row][vc_row][vc_column][vc_column_text]L&rsquo;Europe et la r\u00e9gion soutiennent e-Pedal \u00e0 travers le projet d\u00e9nomm\u00e9 \u00ab\u00a0d\u00e9veloppement de l&rsquo;\u00e9comobilit\u00e9 touristique dans le Pays Gapen\u00e7ais\u00a0\u00bb Le projet consiste \u00e0 sensibiliser le grand public \u00e0 la pratique du v\u00e9lo \u00e9lectrique qualifier une offre d&rsquo; itin\u00e9raires destin\u00e9s \u00e0 la pratique du VAE valoriser le territoire du Pays Gapen\u00e7ais, conforter une fili\u00e8re&hellip;<\/p>\n","protected":false},"author":3,"featured_media":119,"parent":0,"menu_order":0,"comment_status":"closed","ping_status":"closed","template":"","meta":{"_acf_changed":false,"footnotes":""},"class_list":["post-118","page","type-page","status-publish","has-post-thumbnail","hentry","description-off"],"acf":[],"_links":{"self":[{"href":"https:\/\/www.e-pedal.fr\/fr\/wp-json\/wp\/v2\/pages\/118","targetHints":{"allow":["GET"]}}],"collection":[{"href":"https:\/\/www.e-pedal.fr\/fr\/wp-json\/wp\/v2\/pages"}],"about":[{"href":"https:\/\/www.e-pedal.fr\/fr\/wp-json\/wp\/v2\/types\/page"}],"author":[{"embeddable":true,"href":"https:\/\/www.e-pedal.fr\/fr\/wp-json\/wp\/v2\/users\/3"}],"replies":[{"embeddable":true,"href":"https:\/\/www.e-pedal.fr\/fr\/wp-json\/wp\/v2\/comments?post=118"}],"version-history":[{"count":15,"href":"https:\/\/www.e-pedal.fr\/fr\/wp-json\/wp\/v2\/pages\/118\/revisions"}],"predecessor-version":[{"id":690,"href":"https:\/\/www.e-pedal.fr\/fr\/wp-json\/wp\/v2\/pages\/118\/revisions\/690"}],"wp:featuredmedia":[{"embeddable":true,"href":"https:\/\/www.e-pedal.fr\/fr\/wp-json\/wp\/v2\/media\/119"}],"wp:attachment":[{"href":"https:\/\/www.e-pedal.fr\/fr\/wp-json\/wp\/v2\/media?parent=118"}],"curies":[{"name":"wp","href":"https:\/\/api.w.org\/{rel}","templated":true}]}}