{"id":3,"date":"2018-06-11T08:51:25","date_gmt":"2018-06-11T06:51:25","guid":{"rendered":"http:\/\/www.e-pedal.fr\/?page_id=3"},"modified":"2021-01-05T11:56:53","modified_gmt":"2021-01-05T10:56:53","slug":"mentions-legales-politique-de-confidentialite","status":"publish","type":"page","link":"https:\/\/www.e-pedal.fr\/en\/mentions-legales-politique-de-confidentialite\/","title":{"rendered":"Terms &#038; Conditions"},"content":{"rendered":"<div class=\"wpb-content-wrapper\"><p>[vc_row][vc_column]<div id=\"ultimate-heading-58469f60a4b8bff4\" class=\"uvc-heading ult-adjust-bottom-margin ultimate-heading-58469f60a4b8bff4 uvc-9239  uvc-heading-default-font-sizes\" data-hspacer=\"line_only\"  data-halign=\"center\" style=\"text-align:center\"><div class=\"uvc-main-heading ult-responsive\"  data-ultimate-target='.uvc-heading.ultimate-heading-58469f60a4b8bff4 h2'  data-responsive-json-new='{\"font-size\":\"\",\"line-height\":\"\"}' ><h2 style=\"--font-weight:theme;\">Terms &amp; Conditions<\/h2><\/div><div class=\"uvc-heading-spacer line_only\" style=\"margin-top:50px;margin-bottom:50px;height:1px;\"><span class=\"uvc-headings-line\" style=\"border-style:solid;border-bottom-width:1px;border-color:#c6ad8f;width:100px;\"><\/span><\/div><\/div><div id=\"ultimate-heading-282369f60a4b8c013\" class=\"uvc-heading ult-adjust-bottom-margin ultimate-heading-282369f60a4b8c013 uvc-5825  uvc-heading-default-font-sizes\" data-hspacer=\"no_spacer\"  data-halign=\"left\" style=\"text-align:left\"><div class=\"uvc-heading-spacer no_spacer\" style=\"top\"><\/div><div class=\"uvc-main-heading ult-responsive\"  data-ultimate-target='.uvc-heading.ultimate-heading-282369f60a4b8c013 h4'  data-responsive-json-new='{\"font-size\":\"\",\"line-height\":\"\"}' ><h4 style=\"--font-weight:theme;margin-top:25px;\">Mentions l\u00e9gales<\/h4><\/div><\/div>[vc_column_text css=&#8221;.vc_custom_1609843815000{margin-top: 25px !important;margin-bottom: 25px !important;}&#8221;]E-Pedal<\/p>\n<p>Si\u00e8ge social : Place Marcel Lesbros 05000 Chateauvieux<\/p>\n<p>SASU au capital de 3000\u20ac &#8211; Inscrite au RCS &#8211; SIRET 83883161800015[\/vc_column_text][\/vc_column][\/vc_row][vc_row][vc_column width=&#8221;1\/3&#8243;]<div id=\"ultimate-heading-19069f60a4b8c02f\" class=\"uvc-heading ult-adjust-bottom-margin ultimate-heading-19069f60a4b8c02f uvc-5591  uvc-heading-default-font-sizes\" data-hspacer=\"no_spacer\"  data-halign=\"left\" style=\"text-align:left\"><div class=\"uvc-heading-spacer no_spacer\" style=\"top\"><\/div><div class=\"uvc-main-heading ult-responsive\"  data-ultimate-target='.uvc-heading.ultimate-heading-19069f60a4b8c02f h4'  data-responsive-json-new='{\"font-size\":\"\",\"line-height\":\"\"}' ><h4 style=\"--font-weight:theme;margin-top:25px;\">Responsable \u00e9ditorial<\/h4><\/div><\/div>[vc_column_text css=&#8221;.vc_custom_1609843828464{margin-top: 25px !important;margin-bottom: 25px !important;}&#8221;]Emmanuel DANJOU[\/vc_column_text][\/vc_column][vc_column width=&#8221;1\/3&#8243;]<div id=\"ultimate-heading-588969f60a4b8c04c\" class=\"uvc-heading ult-adjust-bottom-margin ultimate-heading-588969f60a4b8c04c uvc-1876  uvc-heading-default-font-sizes\" data-hspacer=\"no_spacer\"  data-halign=\"left\" style=\"text-align:left\"><div class=\"uvc-heading-spacer no_spacer\" style=\"top\"><\/div><div class=\"uvc-main-heading ult-responsive\"  data-ultimate-target='.uvc-heading.ultimate-heading-588969f60a4b8c04c h4'  data-responsive-json-new='{\"font-size\":\"\",\"line-height\":\"\"}' ><h4 style=\"--font-weight:theme;margin-top:25px;\">Web \/ Design<\/h4><\/div><\/div>[vc_column_text css=&#8221;.vc_custom_1573048115427{margin-top: 25px !important;margin-bottom: 25px !important;}&#8221;]Ce site web est propuls\u00e9 par Worpress et a \u00e9t\u00e9 r\u00e9alis\u00e9 par Brice Milbergue &#8211; www.fivefingers.fr[\/vc_column_text][\/vc_column][vc_column width=&#8221;1\/3&#8243;]<div id=\"ultimate-heading-766669f60a4b8c06c\" class=\"uvc-heading ult-adjust-bottom-margin ultimate-heading-766669f60a4b8c06c uvc-8786  uvc-heading-default-font-sizes\" data-hspacer=\"no_spacer\"  data-halign=\"left\" style=\"text-align:left\"><div class=\"uvc-heading-spacer no_spacer\" style=\"top\"><\/div><div class=\"uvc-main-heading ult-responsive\"  data-ultimate-target='.uvc-heading.ultimate-heading-766669f60a4b8c06c h4'  data-responsive-json-new='{\"font-size\":\"\",\"line-height\":\"\"}' ><h4 style=\"--font-weight:theme;margin-top:25px;\">H\u00e9bergement<\/h4><\/div><\/div>[vc_column_text css=&#8221;.vc_custom_1573047972171{margin-top: 25px !important;margin-bottom: 25px !important;}&#8221;]Ce site web est h\u00e9berg\u00e9 par :<\/p>\n<p>OVH &#8211; 2 rue Kellerman 59100 Roubaix[\/vc_column_text][\/vc_column][\/vc_row][vc_row][vc_column]<div id=\"ultimate-heading-936469f60a4b8c08c\" class=\"uvc-heading ult-adjust-bottom-margin ultimate-heading-936469f60a4b8c08c uvc-706  uvc-heading-default-font-sizes\" data-hspacer=\"no_spacer\"  data-halign=\"left\" style=\"text-align:left\"><div class=\"uvc-heading-spacer no_spacer\" style=\"top\"><\/div><div class=\"uvc-main-heading ult-responsive\"  data-ultimate-target='.uvc-heading.ultimate-heading-936469f60a4b8c08c h4'  data-responsive-json-new='{\"font-size\":\"\",\"line-height\":\"\"}' ><h4 style=\"--font-weight:theme;margin-top:25px;\">Cookies et donn\u00e9es personnelles<\/h4><\/div><\/div>[vc_column_text css=&#8221;.vc_custom_1609843862495{margin-top: 25px !important;margin-bottom: 25px !important;}&#8221;]<strong>Notre utilisation des cookies et autres traceurs<\/strong><\/p>\n<p>Pour vous permettre d\u2019utiliser les fonctionnalit\u00e9s propos\u00e9es par notre site internet et pour r\u00e9aliser les optimisations n\u00e9cessaires et vous offrir le meilleur confort d\u2019utilisation, nous utilisons des \u00ab\u00a0cookies\u00a0\u00bb notamment :<\/p>\n<p>\u2013 pour mesurer et analyser la fr\u00e9quentation<\/p>\n<p>\u2013 pour m\u00e9moriser les donn\u00e9es que vous consultez durant votre session et vous offrir un meilleur confort de consultation<\/p>\n<p>\u2013 pour m\u00e9moriser les pr\u00e9f\u00e9rences d\u2019affichage de votre navigateur et ajuster la pr\u00e9sentation du site \u00e0 votre terminal<\/p>\n<p>Nous nous effor\u00e7ons toujours de ne pas collecter de donn\u00e9es autres que celles qui nous sont vraiment n\u00e9cessaires dans le cadre de votre navigation sur ce site.<\/p>\n<p><strong>Cookies des applications tierces<\/strong><\/p>\n<p>Certaines applications tierces (facebook, twitter &amp; co) peuvent aussi inclure l\u2019utilisation de \u00ab\u00a0cookies\u00a0\u00bb qui ne sont pas de notre fait mais qui peuvent permettre un acc\u00e8s \u00e0 vos informations de navigation en accord avec leurs conditions d\u2019utilisation. Nous ne disposons d\u2019aucun contr\u00f4le sur ce processus et nous vous invitons \u00e0 v\u00e9rifier vos param\u00e8tres de confidentialit\u00e9 aupr\u00e8s des \u00e9diteurs des applications tierces.<\/p>\n<p><strong>Contr\u00f4le des cookies publicitaires<\/strong><\/p>\n<p>Le site YourOnlineChoices, propos\u00e9 par les professionnels de la publicit\u00e9 digitale regroup\u00e9s au sein de l\u2019association europ\u00e9enne EDAA, vous offre la possibilit\u00e9 de connaitre et de contr\u00f4ler l\u2019utilisation des cookies publicitaires qui peuvent \u00eatre utiliser par un grand nombre de plateformes. Vous pouvez y exprimer votre refus ou votre acceptation de l\u2019utilisation des cookies publicitaires dans votre navigateur.<\/p>\n<p>www.youronlinechoices.com\/fr\/controler-ses-cookies\/.[\/vc_column_text][\/vc_column][\/vc_row]<\/p>\n<\/div>","protected":false},"excerpt":{"rendered":"<p>[vc_row][vc_column][vc_column_text css=&#8221;.vc_custom_1609843815000{margin-top: 25px !important;margin-bottom: 25px !important;}&#8221;]E-Pedal Si\u00e8ge social : Place Marcel Lesbros 05000 Chateauvieux SASU au capital de 3000\u20ac &#8211; Inscrite au RCS &#8211; SIRET 83883161800015[\/vc_column_text][\/vc_column][\/vc_row][vc_row][vc_column width=&#8221;1\/3&#8243;][vc_column_text css=&#8221;.vc_custom_1609843828464{margin-top: 25px !important;margin-bottom: 25px !important;}&#8221;]Emmanuel DANJOU[\/vc_column_text][\/vc_column][vc_column width=&#8221;1\/3&#8243;][vc_column_text css=&#8221;.vc_custom_1573048115427{margin-top: 25px !important;margin-bottom: 25px !important;}&#8221;]Ce site web est propuls\u00e9 par Worpress et a \u00e9t\u00e9 r\u00e9alis\u00e9 par Brice Milbergue &#8211; www.fivefingers.fr[\/vc_column_text][\/vc_column][vc_column width=&#8221;1\/3&#8243;][vc_column_text&hellip;<\/p>\n","protected":false},"author":1,"featured_media":0,"parent":0,"menu_order":0,"comment_status":"closed","ping_status":"open","template":"","meta":{"_acf_changed":false,"footnotes":""},"class_list":["post-3","page","type-page","status-publish","hentry","description-off"],"acf":[],"_links":{"self":[{"href":"https:\/\/www.e-pedal.fr\/en\/wp-json\/wp\/v2\/pages\/3","targetHints":{"allow":["GET"]}}],"collection":[{"href":"https:\/\/www.e-pedal.fr\/en\/wp-json\/wp\/v2\/pages"}],"about":[{"href":"https:\/\/www.e-pedal.fr\/en\/wp-json\/wp\/v2\/types\/page"}],"author":[{"embeddable":true,"href":"https:\/\/www.e-pedal.fr\/en\/wp-json\/wp\/v2\/users\/1"}],"replies":[{"embeddable":true,"href":"https:\/\/www.e-pedal.fr\/en\/wp-json\/wp\/v2\/comments?post=3"}],"version-history":[{"count":5,"href":"https:\/\/www.e-pedal.fr\/en\/wp-json\/wp\/v2\/pages\/3\/revisions"}],"predecessor-version":[{"id":726,"href":"https:\/\/www.e-pedal.fr\/en\/wp-json\/wp\/v2\/pages\/3\/revisions\/726"}],"wp:attachment":[{"href":"https:\/\/www.e-pedal.fr\/en\/wp-json\/wp\/v2\/media?parent=3"}],"curies":[{"name":"wp","href":"https:\/\/api.w.org\/{rel}","templated":true}]}}